{"id":585,"date":"2020-09-09T07:43:15","date_gmt":"2020-09-09T05:43:15","guid":{"rendered":"http:\/\/www.aitsc.de\/blog\/user-profile\/"},"modified":"2020-09-09T07:43:15","modified_gmt":"2020-09-09T05:43:15","slug":"user-profile","status":"publish","type":"page","link":"https:\/\/aitsc.de\/blog\/user-profile\/","title":{"rendered":"User Profile"},"content":{"rendered":"<!-- user-profile -->\n\n<div class=\"wp-ulike-pro-section-profile ulp-flex-row ulp-flex-top-xs\">\n\n    \n    <div\n        class=\"wp-ulike-pro-header-section ulp-flex-row ulp-flex-center-xs ulp-flex-col-xl-12 ulp-flex-col-md-12 ulp-flex-col-xs-12\">\n\n        \n    <div class=\"wp-ulike-pro-user-not-found\">\n        User Not Found!    <\/div>\n\n    \n    \n<\/div>\n","protected":false},"excerpt":{"rendered":"","protected":false},"author":1,"featured_media":0,"parent":0,"menu_order":0,"comment_status":"closed","ping_status":"closed","template":"","meta":{"ngg_post_thumbnail":0,"footnotes":""},"class_list":["post-585","page","type-page","status-publish","hentry"],"yoast_head":"<!-- This site is optimized with the Yoast SEO plugin v27.4 - https:\/\/yoast.com\/product\/yoast-seo-wordpress\/ -->\n<title>User Profile - Uwe Ansmann<\/title>\n<meta name=\"robots\" content=\"noindex, follow\" \/>\n<meta property=\"og:locale\" content=\"de_DE\" \/>\n<meta property=\"og:type\" content=\"article\" \/>\n<meta property=\"og:title\" content=\"User Profile - Uwe Ansmann\" \/>\n<meta property=\"og:url\" content=\"https:\/\/aitsc.de\/blog\/user-profile\/\" \/>\n<meta property=\"og:site_name\" content=\"Uwe Ansmann\" \/>\n<meta property=\"article:publisher\" content=\"https:\/\/www.facebook.com\/uwe.ansmann\" \/>\n<meta property=\"og:image\" content=\"https:\/\/aitsc.de\/blog\/wp-content\/uploads\/2020\/10\/linkedin_blog_main.png\" \/>\n\t<meta property=\"og:image:width\" content=\"1920\" \/>\n\t<meta property=\"og:image:height\" content=\"867\" \/>\n\t<meta property=\"og:image:type\" content=\"image\/png\" \/>\n<meta name=\"twitter:card\" content=\"summary_large_image\" \/>\n<meta name=\"twitter:site\" content=\"@UweAnsmann\" \/>\n<script type=\"application\/ld+json\" class=\"yoast-schema-graph\">{\"@context\":\"https:\\\/\\\/schema.org\",\"@graph\":[{\"@type\":\"WebPage\",\"@id\":\"https:\\\/\\\/aitsc.de\\\/blog\\\/user-profile\\\/\",\"url\":\"https:\\\/\\\/aitsc.de\\\/blog\\\/user-profile\\\/\",\"name\":\"User Profile - Uwe Ansmann\",\"isPartOf\":{\"@id\":\"https:\\\/\\\/aitsc.de\\\/blog\\\/#website\"},\"datePublished\":\"2020-09-09T05:43:15+00:00\",\"breadcrumb\":{\"@id\":\"https:\\\/\\\/aitsc.de\\\/blog\\\/user-profile\\\/#breadcrumb\"},\"inLanguage\":\"de\",\"potentialAction\":[{\"@type\":\"ReadAction\",\"target\":[\"https:\\\/\\\/aitsc.de\\\/blog\\\/user-profile\\\/\"]}]},{\"@type\":\"BreadcrumbList\",\"@id\":\"https:\\\/\\\/aitsc.de\\\/blog\\\/user-profile\\\/#breadcrumb\",\"itemListElement\":[{\"@type\":\"ListItem\",\"position\":1,\"name\":\"Startseite\",\"item\":\"https:\\\/\\\/aitsc.de\\\/blog\\\/\"},{\"@type\":\"ListItem\",\"position\":2,\"name\":\"User Profile\"}]},{\"@type\":\"WebSite\",\"@id\":\"https:\\\/\\\/aitsc.de\\\/blog\\\/#website\",\"url\":\"https:\\\/\\\/aitsc.de\\\/blog\\\/\",\"name\":\"Uwe Ansmann\",\"description\":\"Pers\u00f6nlicher Tech Blog &amp; Web-Zuhause\",\"publisher\":{\"@id\":\"https:\\\/\\\/aitsc.de\\\/blog\\\/#\\\/schema\\\/person\\\/b2eaf54df5661575ee3a6a1648591728\"},\"potentialAction\":[{\"@type\":\"SearchAction\",\"target\":{\"@type\":\"EntryPoint\",\"urlTemplate\":\"https:\\\/\\\/aitsc.de\\\/blog\\\/?s={search_term_string}\"},\"query-input\":{\"@type\":\"PropertyValueSpecification\",\"valueRequired\":true,\"valueName\":\"search_term_string\"}}],\"inLanguage\":\"de\"},{\"@type\":[\"Person\",\"Organization\"],\"@id\":\"https:\\\/\\\/aitsc.de\\\/blog\\\/#\\\/schema\\\/person\\\/b2eaf54df5661575ee3a6a1648591728\",\"name\":\"Uwe Ansmann\",\"image\":{\"@type\":\"ImageObject\",\"inLanguage\":\"de\",\"@id\":\"https:\\\/\\\/aitsc.de\\\/blog\\\/wp-content\\\/uploads\\\/2023\\\/06\\\/cropped-new1686764432721.png\",\"url\":\"https:\\\/\\\/aitsc.de\\\/blog\\\/wp-content\\\/uploads\\\/2023\\\/06\\\/cropped-new1686764432721.png\",\"contentUrl\":\"https:\\\/\\\/aitsc.de\\\/blog\\\/wp-content\\\/uploads\\\/2023\\\/06\\\/cropped-new1686764432721.png\",\"width\":250,\"height\":250,\"caption\":\"Uwe Ansmann\"},\"logo\":{\"@id\":\"https:\\\/\\\/aitsc.de\\\/blog\\\/wp-content\\\/uploads\\\/2023\\\/06\\\/cropped-new1686764432721.png\"},\"sameAs\":[\"http:s\\\/\\\/www.aitsc.de\\\/blog\",\"https:\\\/\\\/www.facebook.com\\\/uwe.ansmann\",\"https:\\\/\\\/www.instagram.com\\\/uansmann\\\/?hl=de\",\"https:\\\/\\\/www.linkedin.com\\\/in\\\/uweansmann\\\/\",\"https:\\\/\\\/x.com\\\/UweAnsmann\",\"https:\\\/\\\/www.youtube.com\\\/channel\\\/UC0kmi7VFQi3uSQ-GilFFHYQ\"]}]}<\/script>\n<!-- \/ Yoast SEO plugin. -->","yoast_head_json":{"title":"User Profile - Uwe Ansmann","robots":{"index":"noindex","follow":"follow"},"og_locale":"de_DE","og_type":"article","og_title":"User Profile - Uwe Ansmann","og_url":"https:\/\/aitsc.de\/blog\/user-profile\/","og_site_name":"Uwe Ansmann","article_publisher":"https:\/\/www.facebook.com\/uwe.ansmann","og_image":[{"width":1920,"height":867,"url":"https:\/\/aitsc.de\/blog\/wp-content\/uploads\/2020\/10\/linkedin_blog_main.png","type":"image\/png"}],"twitter_card":"summary_large_image","twitter_site":"@UweAnsmann","schema":{"@context":"https:\/\/schema.org","@graph":[{"@type":"WebPage","@id":"https:\/\/aitsc.de\/blog\/user-profile\/","url":"https:\/\/aitsc.de\/blog\/user-profile\/","name":"User Profile - Uwe Ansmann","isPartOf":{"@id":"https:\/\/aitsc.de\/blog\/#website"},"datePublished":"2020-09-09T05:43:15+00:00","breadcrumb":{"@id":"https:\/\/aitsc.de\/blog\/user-profile\/#breadcrumb"},"inLanguage":"de","potentialAction":[{"@type":"ReadAction","target":["https:\/\/aitsc.de\/blog\/user-profile\/"]}]},{"@type":"BreadcrumbList","@id":"https:\/\/aitsc.de\/blog\/user-profile\/#breadcrumb","itemListElement":[{"@type":"ListItem","position":1,"name":"Startseite","item":"https:\/\/aitsc.de\/blog\/"},{"@type":"ListItem","position":2,"name":"User Profile"}]},{"@type":"WebSite","@id":"https:\/\/aitsc.de\/blog\/#website","url":"https:\/\/aitsc.de\/blog\/","name":"Uwe Ansmann","description":"Pers\u00f6nlicher Tech Blog &amp; Web-Zuhause","publisher":{"@id":"https:\/\/aitsc.de\/blog\/#\/schema\/person\/b2eaf54df5661575ee3a6a1648591728"},"potentialAction":[{"@type":"SearchAction","target":{"@type":"EntryPoint","urlTemplate":"https:\/\/aitsc.de\/blog\/?s={search_term_string}"},"query-input":{"@type":"PropertyValueSpecification","valueRequired":true,"valueName":"search_term_string"}}],"inLanguage":"de"},{"@type":["Person","Organization"],"@id":"https:\/\/aitsc.de\/blog\/#\/schema\/person\/b2eaf54df5661575ee3a6a1648591728","name":"Uwe Ansmann","image":{"@type":"ImageObject","inLanguage":"de","@id":"https:\/\/aitsc.de\/blog\/wp-content\/uploads\/2023\/06\/cropped-new1686764432721.png","url":"https:\/\/aitsc.de\/blog\/wp-content\/uploads\/2023\/06\/cropped-new1686764432721.png","contentUrl":"https:\/\/aitsc.de\/blog\/wp-content\/uploads\/2023\/06\/cropped-new1686764432721.png","width":250,"height":250,"caption":"Uwe Ansmann"},"logo":{"@id":"https:\/\/aitsc.de\/blog\/wp-content\/uploads\/2023\/06\/cropped-new1686764432721.png"},"sameAs":["http:s\/\/www.aitsc.de\/blog","https:\/\/www.facebook.com\/uwe.ansmann","https:\/\/www.instagram.com\/uansmann\/?hl=de","https:\/\/www.linkedin.com\/in\/uweansmann\/","https:\/\/x.com\/UweAnsmann","https:\/\/www.youtube.com\/channel\/UC0kmi7VFQi3uSQ-GilFFHYQ"]}]}},"jetpack_sharing_enabled":true,"jetpack-related-posts":[{"id":439,"url":"https:\/\/aitsc.de\/blog\/datenschutz\/","url_meta":{"origin":585,"position":0},"title":"Datenschutz","author":"Uwe Ansmann","date":"03\/09\/2020","format":false,"excerpt":"Datenschutzerkl\u00e4rung Einleitung Mit der folgenden Datenschutzerkl\u00e4rung m\u00f6chten wir Sie dar\u00fcber aufkl\u00e4ren, welche Arten Ihrer personenbezogenen Daten (nachfolgend auch kurz als \"Daten\u201c bezeichnet) wir zu welchen Zwecken und in welchem Umfang verarbeiten. Die Datenschutzerkl\u00e4rung gilt f\u00fcr alle von uns durchgef\u00fchrten Verarbeitungen personenbezogener Daten, sowohl im Rahmen der Erbringung unserer Leistungen als\u2026","rel":"","context":"\u00c4hnlicher Beitrag","block_context":{"text":"\u00c4hnlicher Beitrag","link":""},"img":{"alt_text":"","src":"","width":0,"height":0},"classes":[]}],"jetpack_likes_enabled":true,"post_mailing_queue_ids":[],"_links":{"self":[{"href":"https:\/\/aitsc.de\/blog\/wp-json\/wp\/v2\/pages\/585","targetHints":{"allow":["GET"]}}],"collection":[{"href":"https:\/\/aitsc.de\/blog\/wp-json\/wp\/v2\/pages"}],"about":[{"href":"https:\/\/aitsc.de\/blog\/wp-json\/wp\/v2\/types\/page"}],"author":[{"embeddable":true,"href":"https:\/\/aitsc.de\/blog\/wp-json\/wp\/v2\/users\/1"}],"replies":[{"embeddable":true,"href":"https:\/\/aitsc.de\/blog\/wp-json\/wp\/v2\/comments?post=585"}],"version-history":[{"count":0,"href":"https:\/\/aitsc.de\/blog\/wp-json\/wp\/v2\/pages\/585\/revisions"}],"wp:attachment":[{"href":"https:\/\/aitsc.de\/blog\/wp-json\/wp\/v2\/media?parent=585"}],"curies":[{"name":"wp","href":"https:\/\/api.w.org\/{rel}","templated":true}]}}