{"id":2,"date":"2016-05-10T03:48:21","date_gmt":"2016-05-10T03:48:21","guid":{"rendered":"http:\/\/aitsc.de\/blog\/?page_id=2"},"modified":"2020-09-03T05:42:13","modified_gmt":"2020-09-03T05:42:13","slug":"impressum","status":"publish","type":"page","link":"https:\/\/aitsc.de\/blog\/impressum\/","title":{"rendered":"Impressum"},"content":{"rendered":"\n<p><strong>Angaben gem\u00e4\u00df \u00a7 5 TMG<\/strong><br>Uwe Ansmann<br>Gr\u00fcner Weg 5<br>49451 Holdorf<br><br><strong>Kontakt<\/strong><br>Telefon: 05494977981<br>E-Mail: info@aitsc.de<br>Haftung f\u00fcr Inhalte<br><br>Als Diensteanbieter sind wir gem\u00e4\u00df \u00a7 7 Abs.1 TMG f\u00fcr eigene Inhalte auf diesen Seiten nach den allgemeinen Gesetzen verantwortlich. Nach \u00a7\u00a7 8 bis 10 TMG sind wir als Diensteanbieter jedoch nicht verpflichtet, \u00fcbermittelte oder gespeicherte fremde Informationen zu \u00fcberwachen oder nach Umst\u00e4nden zu forschen, die auf eine rechtswidrige T\u00e4tigkeit hinweisen. Verpflichtungen zur Entfernung oder Sperrung der Nutzung von Informationen nach den allgemeinen Gesetzen bleiben hiervon unber\u00fchrt. Eine diesbez\u00fcgliche Haftung ist jedoch erst ab dem Zeitpunkt der Kenntnis einer konkreten Rechtsverletzung m\u00f6glich. Bei Bekanntwerden von entsprechenden<br>Rechtsverletzungen werden wir diese Inhalte umgehend entfernen.<br><br><strong>Haftung f\u00fcr Links<\/strong><br>Unser Angebot enth\u00e4lt Links zu externen Websites Dritter, auf deren Inhalte wir keinen Einfluss haben. Deshalb k\u00f6nnen wir f\u00fcr diese fremden Inhalte auch keine Gew\u00e4hr \u00fcbernehmen. F\u00fcr die Inhalte der verlinkten Seiten ist stets der jeweilige Anbieter oder Betreiber der Seiten verantwortlich. Die verlinkten Seiten wurden zum Zeitpunkt der Verlinkung auf m\u00f6gliche Rechtsverst\u00f6\u00dfe \u00fcberpr\u00fcft. Rechtswidrige Inhalte<br>waren zum Zeitpunkt der Verlinkung nicht erkennbar.<br>Eine permanente inhaltliche Kontrolle der verlinkten Seiten ist jedoch ohne konkrete Anhaltspunkte einer Rechtsverletzung nicht zumutbar. Bei Bekanntwerden von Rechtsverletzungen werden wir derartige Links umgehend entfernen.<br><br><strong>Urheberrecht<\/strong><br>Die durch die Seitenbetreiber erstellten Inhalte und Werke auf diesen Seiten unterliegen dem deutschen Urheberrecht. Die Vervielf\u00e4ltigung, Bearbeitung, Verbreitung und jede Art der Verwertung au\u00dferhalb der Grenzen des Urheberrechtes bed\u00fcrfen der schriftlichen Zustimmung des jeweiligen Autors bzw. Erstellers. Downloads und Kopien dieser Seite sind nur f\u00fcr den privaten, nicht kommerziellen Gebrauch gestattet.<br>Soweit die Inhalte auf dieser Seite nicht vom Betreiber erstellt wurden, werden die Urheberrechte Dritter beachtet. Insbesondere werden Inhalte Dritter als solche gekennzeichnet. Sollten Sie trotzdem auf eine Urheberrechtsverletzung aufmerksam werden, bitten wir um einen entsprechenden Hinweis. Bei Bekanntwerden von Rechtsverletzungen werden wir derartige Inhalte umgehend entfernen.<br><br>Quelle:<br>https:\/\/www.e-recht24.de\/impressum-generator.html<\/p>\n\n\n\n<p>Die auf dieser Webseite und den Videos genutzte Musik wird unter der <a rel=\"noreferrer noopener\" href=\"https:\/\/creativecommons.org\/licenses\/by\/4.0\/legalcode\" target=\"_blank\">Creative Commons Attribution 4.0 International License<\/a>  von <a rel=\"noreferrer noopener\" href=\"http:\/\/Audionautix.com\" target=\"_blank\">Audionautix.com<\/a>  zur Verf\u00fcgung gestellt.  Wir bedanken uns f\u00fcr das tolle Angebot !<\/p>\n","protected":false},"excerpt":{"rendered":"<p>Angaben gem\u00e4\u00df \u00a7 5 TMGUwe AnsmannGr\u00fcner Weg 549451 Holdorf KontaktTelefon: 05494977981E-Mail: info@aitsc.deHaftung f\u00fcr Inhalte Als Diensteanbieter sind wir gem\u00e4\u00df \u00a7 7 Abs.1 TMG f\u00fcr eigene Inhalte auf diesen Seiten nach den allgemeinen Gesetzen verantwortlich. Nach \u00a7\u00a7 8 bis 10 TMG sind wir als Diensteanbieter jedoch nicht verpflichtet, \u00fcbermittelte oder gespeicherte fremde Informationen zu \u00fcberwachen oder &hellip; <\/p>\n<p class=\"link-more\"><a href=\"https:\/\/aitsc.de\/blog\/impressum\/\" class=\"more-link\"><span class=\"screen-reader-text\">\u201eImpressum\u201c <\/span>weiterlesen<\/a><\/p>\n","protected":false},"author":1,"featured_media":0,"parent":0,"menu_order":0,"comment_status":"closed","ping_status":"closed","template":"","meta":{"ngg_post_thumbnail":0,"footnotes":""},"class_list":["post-2","page","type-page","status-publish","hentry"],"yoast_head":"<!-- This site is optimized with the Yoast SEO plugin v27.4 - https:\/\/yoast.com\/product\/yoast-seo-wordpress\/ -->\n<title>Impressum - Uwe Ansmann<\/title>\n<meta name=\"robots\" content=\"noindex, follow\" \/>\n<meta property=\"og:locale\" content=\"de_DE\" \/>\n<meta property=\"og:type\" content=\"article\" \/>\n<meta property=\"og:title\" content=\"Impressum - Uwe Ansmann\" \/>\n<meta property=\"og:description\" content=\"Angaben gem\u00e4\u00df \u00a7 5 TMGUwe AnsmannGr\u00fcner Weg 549451 Holdorf KontaktTelefon: 05494977981E-Mail: info@aitsc.deHaftung f\u00fcr Inhalte Als Diensteanbieter sind wir gem\u00e4\u00df \u00a7 7 Abs.1 TMG f\u00fcr eigene Inhalte auf diesen Seiten nach den allgemeinen Gesetzen verantwortlich. Nach \u00a7\u00a7 8 bis 10 TMG sind wir als Diensteanbieter jedoch nicht verpflichtet, \u00fcbermittelte oder gespeicherte fremde Informationen zu \u00fcberwachen oder &hellip; \u201eImpressum\u201c weiterlesen\" \/>\n<meta property=\"og:url\" content=\"https:\/\/aitsc.de\/blog\/impressum\/\" \/>\n<meta property=\"og:site_name\" content=\"Uwe Ansmann\" \/>\n<meta property=\"article:publisher\" content=\"https:\/\/www.facebook.com\/uwe.ansmann\" \/>\n<meta property=\"article:modified_time\" content=\"2020-09-03T05:42:13+00:00\" \/>\n<meta property=\"og:image\" content=\"https:\/\/aitsc.de\/blog\/wp-content\/uploads\/2020\/10\/linkedin_blog_main.png\" \/>\n\t<meta property=\"og:image:width\" content=\"1920\" \/>\n\t<meta property=\"og:image:height\" content=\"867\" \/>\n\t<meta property=\"og:image:type\" content=\"image\/png\" \/>\n<meta name=\"twitter:card\" content=\"summary_large_image\" \/>\n<meta name=\"twitter:site\" content=\"@UweAnsmann\" \/>\n<meta name=\"twitter:label1\" content=\"Gesch\u00e4tzte Lesezeit\" \/>\n\t<meta name=\"twitter:data1\" content=\"2\u00a0Minuten\" \/>\n<script type=\"application\/ld+json\" class=\"yoast-schema-graph\">{\"@context\":\"https:\\\/\\\/schema.org\",\"@graph\":[{\"@type\":\"WebPage\",\"@id\":\"https:\\\/\\\/aitsc.de\\\/blog\\\/impressum\\\/\",\"url\":\"https:\\\/\\\/aitsc.de\\\/blog\\\/impressum\\\/\",\"name\":\"Impressum - Uwe Ansmann\",\"isPartOf\":{\"@id\":\"https:\\\/\\\/aitsc.de\\\/blog\\\/#website\"},\"datePublished\":\"2016-05-10T03:48:21+00:00\",\"dateModified\":\"2020-09-03T05:42:13+00:00\",\"breadcrumb\":{\"@id\":\"https:\\\/\\\/aitsc.de\\\/blog\\\/impressum\\\/#breadcrumb\"},\"inLanguage\":\"de\",\"potentialAction\":[{\"@type\":\"ReadAction\",\"target\":[\"https:\\\/\\\/aitsc.de\\\/blog\\\/impressum\\\/\"]}]},{\"@type\":\"BreadcrumbList\",\"@id\":\"https:\\\/\\\/aitsc.de\\\/blog\\\/impressum\\\/#breadcrumb\",\"itemListElement\":[{\"@type\":\"ListItem\",\"position\":1,\"name\":\"Startseite\",\"item\":\"https:\\\/\\\/aitsc.de\\\/blog\\\/\"},{\"@type\":\"ListItem\",\"position\":2,\"name\":\"Impressum\"}]},{\"@type\":\"WebSite\",\"@id\":\"https:\\\/\\\/aitsc.de\\\/blog\\\/#website\",\"url\":\"https:\\\/\\\/aitsc.de\\\/blog\\\/\",\"name\":\"Uwe Ansmann\",\"description\":\"Pers\u00f6nlicher Tech Blog &amp; Web-Zuhause\",\"publisher\":{\"@id\":\"https:\\\/\\\/aitsc.de\\\/blog\\\/#\\\/schema\\\/person\\\/b2eaf54df5661575ee3a6a1648591728\"},\"potentialAction\":[{\"@type\":\"SearchAction\",\"target\":{\"@type\":\"EntryPoint\",\"urlTemplate\":\"https:\\\/\\\/aitsc.de\\\/blog\\\/?s={search_term_string}\"},\"query-input\":{\"@type\":\"PropertyValueSpecification\",\"valueRequired\":true,\"valueName\":\"search_term_string\"}}],\"inLanguage\":\"de\"},{\"@type\":[\"Person\",\"Organization\"],\"@id\":\"https:\\\/\\\/aitsc.de\\\/blog\\\/#\\\/schema\\\/person\\\/b2eaf54df5661575ee3a6a1648591728\",\"name\":\"Uwe Ansmann\",\"image\":{\"@type\":\"ImageObject\",\"inLanguage\":\"de\",\"@id\":\"https:\\\/\\\/aitsc.de\\\/blog\\\/wp-content\\\/uploads\\\/2023\\\/06\\\/cropped-new1686764432721.png\",\"url\":\"https:\\\/\\\/aitsc.de\\\/blog\\\/wp-content\\\/uploads\\\/2023\\\/06\\\/cropped-new1686764432721.png\",\"contentUrl\":\"https:\\\/\\\/aitsc.de\\\/blog\\\/wp-content\\\/uploads\\\/2023\\\/06\\\/cropped-new1686764432721.png\",\"width\":250,\"height\":250,\"caption\":\"Uwe Ansmann\"},\"logo\":{\"@id\":\"https:\\\/\\\/aitsc.de\\\/blog\\\/wp-content\\\/uploads\\\/2023\\\/06\\\/cropped-new1686764432721.png\"},\"sameAs\":[\"http:s\\\/\\\/www.aitsc.de\\\/blog\",\"https:\\\/\\\/www.facebook.com\\\/uwe.ansmann\",\"https:\\\/\\\/www.instagram.com\\\/uansmann\\\/?hl=de\",\"https:\\\/\\\/www.linkedin.com\\\/in\\\/uweansmann\\\/\",\"https:\\\/\\\/x.com\\\/UweAnsmann\",\"https:\\\/\\\/www.youtube.com\\\/channel\\\/UC0kmi7VFQi3uSQ-GilFFHYQ\"]}]}<\/script>\n<!-- \/ Yoast SEO plugin. -->","yoast_head_json":{"title":"Impressum - Uwe Ansmann","robots":{"index":"noindex","follow":"follow"},"og_locale":"de_DE","og_type":"article","og_title":"Impressum - Uwe Ansmann","og_description":"Angaben gem\u00e4\u00df \u00a7 5 TMGUwe AnsmannGr\u00fcner Weg 549451 Holdorf KontaktTelefon: 05494977981E-Mail: info@aitsc.deHaftung f\u00fcr Inhalte Als Diensteanbieter sind wir gem\u00e4\u00df \u00a7 7 Abs.1 TMG f\u00fcr eigene Inhalte auf diesen Seiten nach den allgemeinen Gesetzen verantwortlich. Nach \u00a7\u00a7 8 bis 10 TMG sind wir als Diensteanbieter jedoch nicht verpflichtet, \u00fcbermittelte oder gespeicherte fremde Informationen zu \u00fcberwachen oder &hellip; \u201eImpressum\u201c weiterlesen","og_url":"https:\/\/aitsc.de\/blog\/impressum\/","og_site_name":"Uwe Ansmann","article_publisher":"https:\/\/www.facebook.com\/uwe.ansmann","article_modified_time":"2020-09-03T05:42:13+00:00","og_image":[{"width":1920,"height":867,"url":"https:\/\/aitsc.de\/blog\/wp-content\/uploads\/2020\/10\/linkedin_blog_main.png","type":"image\/png"}],"twitter_card":"summary_large_image","twitter_site":"@UweAnsmann","twitter_misc":{"Gesch\u00e4tzte Lesezeit":"2\u00a0Minuten"},"schema":{"@context":"https:\/\/schema.org","@graph":[{"@type":"WebPage","@id":"https:\/\/aitsc.de\/blog\/impressum\/","url":"https:\/\/aitsc.de\/blog\/impressum\/","name":"Impressum - Uwe Ansmann","isPartOf":{"@id":"https:\/\/aitsc.de\/blog\/#website"},"datePublished":"2016-05-10T03:48:21+00:00","dateModified":"2020-09-03T05:42:13+00:00","breadcrumb":{"@id":"https:\/\/aitsc.de\/blog\/impressum\/#breadcrumb"},"inLanguage":"de","potentialAction":[{"@type":"ReadAction","target":["https:\/\/aitsc.de\/blog\/impressum\/"]}]},{"@type":"BreadcrumbList","@id":"https:\/\/aitsc.de\/blog\/impressum\/#breadcrumb","itemListElement":[{"@type":"ListItem","position":1,"name":"Startseite","item":"https:\/\/aitsc.de\/blog\/"},{"@type":"ListItem","position":2,"name":"Impressum"}]},{"@type":"WebSite","@id":"https:\/\/aitsc.de\/blog\/#website","url":"https:\/\/aitsc.de\/blog\/","name":"Uwe Ansmann","description":"Pers\u00f6nlicher Tech Blog &amp; Web-Zuhause","publisher":{"@id":"https:\/\/aitsc.de\/blog\/#\/schema\/person\/b2eaf54df5661575ee3a6a1648591728"},"potentialAction":[{"@type":"SearchAction","target":{"@type":"EntryPoint","urlTemplate":"https:\/\/aitsc.de\/blog\/?s={search_term_string}"},"query-input":{"@type":"PropertyValueSpecification","valueRequired":true,"valueName":"search_term_string"}}],"inLanguage":"de"},{"@type":["Person","Organization"],"@id":"https:\/\/aitsc.de\/blog\/#\/schema\/person\/b2eaf54df5661575ee3a6a1648591728","name":"Uwe Ansmann","image":{"@type":"ImageObject","inLanguage":"de","@id":"https:\/\/aitsc.de\/blog\/wp-content\/uploads\/2023\/06\/cropped-new1686764432721.png","url":"https:\/\/aitsc.de\/blog\/wp-content\/uploads\/2023\/06\/cropped-new1686764432721.png","contentUrl":"https:\/\/aitsc.de\/blog\/wp-content\/uploads\/2023\/06\/cropped-new1686764432721.png","width":250,"height":250,"caption":"Uwe Ansmann"},"logo":{"@id":"https:\/\/aitsc.de\/blog\/wp-content\/uploads\/2023\/06\/cropped-new1686764432721.png"},"sameAs":["http:s\/\/www.aitsc.de\/blog","https:\/\/www.facebook.com\/uwe.ansmann","https:\/\/www.instagram.com\/uansmann\/?hl=de","https:\/\/www.linkedin.com\/in\/uweansmann\/","https:\/\/x.com\/UweAnsmann","https:\/\/www.youtube.com\/channel\/UC0kmi7VFQi3uSQ-GilFFHYQ"]}]}},"jetpack_sharing_enabled":true,"jetpack-related-posts":[{"id":439,"url":"https:\/\/aitsc.de\/blog\/datenschutz\/","url_meta":{"origin":2,"position":0},"title":"Datenschutz","author":"Uwe Ansmann","date":"03\/09\/2020","format":false,"excerpt":"Datenschutzerkl\u00e4rung Einleitung Mit der folgenden Datenschutzerkl\u00e4rung m\u00f6chten wir Sie dar\u00fcber aufkl\u00e4ren, welche Arten Ihrer personenbezogenen Daten (nachfolgend auch kurz als \"Daten\u201c bezeichnet) wir zu welchen Zwecken und in welchem Umfang verarbeiten. Die Datenschutzerkl\u00e4rung gilt f\u00fcr alle von uns durchgef\u00fchrten Verarbeitungen personenbezogener Daten, sowohl im Rahmen der Erbringung unserer Leistungen als\u2026","rel":"","context":"\u00c4hnlicher Beitrag","block_context":{"text":"\u00c4hnlicher Beitrag","link":""},"img":{"alt_text":"","src":"","width":0,"height":0},"classes":[]}],"jetpack_likes_enabled":true,"post_mailing_queue_ids":[],"_links":{"self":[{"href":"https:\/\/aitsc.de\/blog\/wp-json\/wp\/v2\/pages\/2","targetHints":{"allow":["GET"]}}],"collection":[{"href":"https:\/\/aitsc.de\/blog\/wp-json\/wp\/v2\/pages"}],"about":[{"href":"https:\/\/aitsc.de\/blog\/wp-json\/wp\/v2\/types\/page"}],"author":[{"embeddable":true,"href":"https:\/\/aitsc.de\/blog\/wp-json\/wp\/v2\/users\/1"}],"replies":[{"embeddable":true,"href":"https:\/\/aitsc.de\/blog\/wp-json\/wp\/v2\/comments?post=2"}],"version-history":[{"count":2,"href":"https:\/\/aitsc.de\/blog\/wp-json\/wp\/v2\/pages\/2\/revisions"}],"predecessor-version":[{"id":327,"href":"https:\/\/aitsc.de\/blog\/wp-json\/wp\/v2\/pages\/2\/revisions\/327"}],"wp:attachment":[{"href":"https:\/\/aitsc.de\/blog\/wp-json\/wp\/v2\/media?parent=2"}],"curies":[{"name":"wp","href":"https:\/\/api.w.org\/{rel}","templated":true}]}}